{"id":2468,"date":"2012-04-07T00:08:26","date_gmt":"2012-04-06T22:08:26","guid":{"rendered":"http:\/\/www.blau-weiss-fischenich.de\/?page_id=2468"},"modified":"2026-03-04T10:56:12","modified_gmt":"2026-03-04T09:56:12","slug":"der-senat","status":"publish","type":"page","link":"https:\/\/www.blau-weiss-fischenich.de\/?page_id=2468","title":{"rendered":"Der Senat"},"content":{"rendered":"<p>Der Senat wurde im August 1976 gegr\u00fcndet. Die damaligen Initiatoren waren Stefan Berg und Toni Meyer. Sie riefen den harten Kern der F\u00f6rderer, die schon seit Jahren obwohl inaktiv bei der Vorbereitung und Durchf\u00fchrung von Veranstaltungen, wie zum Beispiel beim gro\u00dfen Musikfest, mitgeholfen hatten, &nbsp;zusammen und gr\u00fcndeten mit diesen 15 \u201eaktiven\u201c Inaktiven die Gruppe des Senats. Zum damaligen Sprecher bzw. Senatspr\u00e4sident wurde Heinz Krohm gew\u00e4hlt.<\/p>\n<p>Bis heute w\u00e4hlte der Senat w\u00e4hrend seines Bestehens sieben Pr\u00e4sidenten: Heinz Krohm, Heinz-Peter Breuer, G\u00fcnter Strom, Walter Trier, Norbert Aretz, Ralf Denzl&nbsp; Norbert Aretz und Dirk Schwalbach<\/p>\n<p><strong>Aufgaben<\/strong><\/p>\n<p>Die Aufgaben des Senats unterscheiden sich von gleichnamigen Gruppen in anderen Karnevals\u00adgesellschaften erheblich. Es sind vor allem die umfangreichen Vorbereitungen zu den Musikfesten, die diese flei\u00dfigen Helfer zu einer geschlossenen Gruppe zusammenf\u00fcgten. Dem Senat anzugeh\u00f6ren, ist weniger eine Ehre, sondern vielmehr eine Verpflichtung. So verstehen sich die Senatoren denn auch am wenigsten als Repr\u00e4sentanten der KG Blau-Wei\u00df Fischenich, sondern vielmehr als Arbeitsgruppe f\u00fcr alle nur denkbaren Anl\u00e4sse.<\/p>\n<p>Erfahrene Handwerker und Facharbeiter sind besonders gefragt. Hier z\u00e4hlen der Schlosser und Ger\u00fcst\u00adbauer, der Maler und Anstreicher, der Elektriker und Installateur mehr als der Name und eventuelle lange Vereinszugeh\u00f6rigkeit.&nbsp;<\/p>\n<p>Bei den monatlichen Senatsabenden wird oft sehr lebhaft diskutiert, bis man sich zu vern\u00fcnftigen L\u00f6sungen durchgerungen hat. Allerdings kommt bei diesen Abenden auch der Spa\u00df niemals zu kurz.<\/p>\n<p><strong>Geselligkeit<\/strong><\/p>\n<p>Die Geselligkeit wird auch in dieser Gruppe ausgiebig gepflegt. Zusammen mit ihren Ehefrauen ver\u00adanstaltet der Senat verschiedene eigene Aktivit\u00e4ten: Einen karnevalistischen Fr\u00fchschoppen, eine Senatstour, das j\u00e4hrliche \u201cBratkartoffel-Fest\u201d und ein Oktoberfest.&nbsp;<\/p>\n<p>Derzeit besteht der Senat aus 8 Senatoren. Daher ist die Suche nach <strong>neuen<\/strong><strong>&nbsp;<\/strong>Senatoren eine wichtige Aufgabe des Senats. Denn ohne Nachwuchs geht es nicht!<\/p>\n<p>Neue Senatoren, die Spa\u00df an der Geselligkeit haben und sich zudem gerne mit Rat und Tat in der Kar\u00adne\u00advals\u00adgesellschaft Blau-Wei\u00df Fischenich einbringen m\u00f6chten, sind uns stets herzlich willkommen. Interes\u00adsenten k\u00f6nnen gerne unverbindlich an einem Senatsabend teilnehmen oder sich mit dem Senatspr\u00e4sidenten in Verbindung.<\/p>\n<p><strong>Senatspr\u00e4sident<\/strong><\/p>\n<p>Jana Schwalbach<br \/>\nSchmittenstr. 28<br \/>\n50354 H\u00fcrth-Fischenich<br \/>\nTelefon 0177 7618588<br \/>\n<strong>ngg_shortcode_0_placeholder<\/strong><\/p>\n","protected":false},"excerpt":{"rendered":"<p>Der Senat wurde im August 1976 gegr\u00fcndet. Die damaligen Initiatoren waren Stefan Berg und Toni Meyer. Sie riefen den harten Kern der F\u00f6rderer, die schon seit Jahren obwohl inaktiv bei der Vorbereitung und Durchf\u00fchrung von Veranstaltungen, wie zum Beispiel beim gro\u00dfen Musikfest, mitgeholfen hatten, &nbsp;zusammen und gr\u00fcndeten mit diesen 15 \u201eaktiven\u201c Inaktiven die Gruppe des [&hellip;]<\/p>\n","protected":false},"author":2,"featured_media":0,"parent":0,"menu_order":0,"comment_status":"closed","ping_status":"open","template":"","meta":{"ngg_post_thumbnail":0,"footnotes":"","_links_to":"","_links_to_target":""},"class_list":["post-2468","page","type-page","status-publish","hentry"],"jetpack_sharing_enabled":true,"jetpack_shortlink":"https:\/\/wp.me\/P787HS-DO","publishpress_future_action":{"enabled":false,"date":"2026-05-12 10:25:29","action":"change-status","newStatus":"draft","terms":[],"taxonomy":"","extraData":[]},"publishpress_future_workflow_manual_trigger":{"enabledWorkflows":[]},"_links":{"self":[{"href":"https:\/\/www.blau-weiss-fischenich.de\/index.php?rest_route=\/wp\/v2\/pages\/2468","targetHints":{"allow":["GET"]}}],"collection":[{"href":"https:\/\/www.blau-weiss-fischenich.de\/index.php?rest_route=\/wp\/v2\/pages"}],"about":[{"href":"https:\/\/www.blau-weiss-fischenich.de\/index.php?rest_route=\/wp\/v2\/types\/page"}],"author":[{"embeddable":true,"href":"https:\/\/www.blau-weiss-fischenich.de\/index.php?rest_route=\/wp\/v2\/users\/2"}],"replies":[{"embeddable":true,"href":"https:\/\/www.blau-weiss-fischenich.de\/index.php?rest_route=%2Fwp%2Fv2%2Fcomments&post=2468"}],"version-history":[{"count":8,"href":"https:\/\/www.blau-weiss-fischenich.de\/index.php?rest_route=\/wp\/v2\/pages\/2468\/revisions"}],"predecessor-version":[{"id":26883,"href":"https:\/\/www.blau-weiss-fischenich.de\/index.php?rest_route=\/wp\/v2\/pages\/2468\/revisions\/26883"}],"wp:attachment":[{"href":"https:\/\/www.blau-weiss-fischenich.de\/index.php?rest_route=%2Fwp%2Fv2%2Fmedia&parent=2468"}],"curies":[{"name":"wp","href":"https:\/\/api.w.org\/{rel}","templated":true}]}}